{"id":50,"date":"2015-01-12T13:45:10","date_gmt":"2015-01-12T12:45:10","guid":{"rendered":"http:\/\/www.2cv-pfingsttreffen.ch\/wordpress\/?page_id=50"},"modified":"2024-09-03T07:00:29","modified_gmt":"2024-09-03T05:00:29","slug":"kontakt","status":"publish","type":"page","link":"https:\/\/www.deuxchevaux.ch\/wordpress\/kontakt\/","title":{"rendered":"Kontakt"},"content":{"rendered":"\n<p>Hier finden sie unser <a href=\"https:\/\/www.deuxchevaux.ch\/wordpress\/wp-content\/uploads\/club\/Anmeldeformular.pdf\" target=\"_blank\" rel=\"noopener noreferrer\">Anmeldeformular<\/a> als pdf. Oder kontaktieren sie uns direkt:<\/p>\n\n\n\n<p>Unser <strong>Pr\u00e4sident<\/strong>:<br \/>Marc Bergundthal<br \/>(Post) Rebenweg 18, 3250 Lyss<br \/><a href=\"mailto:info@deuxchevaux.ch\" data-type=\"mailto\" data-id=\"mailto:info@deuxchevaux.ch\" target=\"_blank\" rel=\"noreferrer noopener\">info@deuxchevaux.ch<\/a><\/p>\n\n\n\n<p>Unser <strong>Admin<\/strong>:<br \/>Daniel Lutz<br \/><a href=\"mailto:danlutz@watz.ch\" target=\"_blank\" rel=\"noreferrer noopener\">danlutz@watz.ch<\/a><\/p>\n\n\n\n<p>Unsere <strong>Bankverbindung<\/strong>:<br \/>IBAN CH66 8080 8003 0656 5665 9<\/p>\n\n\n\n<p>D\u00f6schwo Fr\u00fcnde B\u00e4rn <br \/>\nHardern 17  <br \/>\n3250 Lyss<\/p>\n","protected":false},"excerpt":{"rendered":"<p>Hier finden sie unser Anmeldeformular als pdf. Oder kontaktieren sie uns direkt: Unser Pr\u00e4sident:Marc Bergundthal(Post) Rebenweg 18, 3250 Lyssinfo@deuxchevaux.ch Unser Admin:Daniel Lutzdanlutz@watz.ch [&hellip;]<\/p>\n","protected":false},"author":1,"featured_media":0,"parent":0,"menu_order":0,"comment_status":"closed","ping_status":"closed","template":"","meta":{"footnotes":""},"class_list":["post-50","page","type-page","status-publish","hentry"],"jetpack_sharing_enabled":true,"_links":{"self":[{"href":"https:\/\/www.deuxchevaux.ch\/wordpress\/wp-json\/wp\/v2\/pages\/50"}],"collection":[{"href":"https:\/\/www.deuxchevaux.ch\/wordpress\/wp-json\/wp\/v2\/pages"}],"about":[{"href":"https:\/\/www.deuxchevaux.ch\/wordpress\/wp-json\/wp\/v2\/types\/page"}],"author":[{"embeddable":true,"href":"https:\/\/www.deuxchevaux.ch\/wordpress\/wp-json\/wp\/v2\/users\/1"}],"replies":[{"embeddable":true,"href":"https:\/\/www.deuxchevaux.ch\/wordpress\/wp-json\/wp\/v2\/comments?post=50"}],"version-history":[{"count":39,"href":"https:\/\/www.deuxchevaux.ch\/wordpress\/wp-json\/wp\/v2\/pages\/50\/revisions"}],"predecessor-version":[{"id":17871,"href":"https:\/\/www.deuxchevaux.ch\/wordpress\/wp-json\/wp\/v2\/pages\/50\/revisions\/17871"}],"wp:attachment":[{"href":"https:\/\/www.deuxchevaux.ch\/wordpress\/wp-json\/wp\/v2\/media?parent=50"}],"curies":[{"name":"wp","href":"https:\/\/api.w.org\/{rel}","templated":true}]}}