{"id":631,"date":"2015-04-02T16:07:24","date_gmt":"2015-04-02T14:07:24","guid":{"rendered":"http:\/\/www.amisdeuxchevaux.ch\/wordpress\/?page_id=631"},"modified":"2026-03-17T20:39:55","modified_gmt":"2026-03-17T19:39:55","slug":"ueber-uns","status":"publish","type":"page","link":"https:\/\/www.deuxchevaux.ch\/wordpress\/ueber-uns\/","title":{"rendered":"Ueber uns"},"content":{"rendered":"<p><a href=\"https:\/\/i0.wp.com\/www.deuxchevaux.ch\/wordpress\/wp-content\/uploads\/2016\/04\/logo_henry_helferessen_16_7351.jpg?ssl=1\" target=\"_blank\" rel=\"noopener noreferrer\"><img data-recalc-dims=\"1\" loading=\"lazy\" decoding=\"async\" data-attachment-id=\"3864\" data-permalink=\"https:\/\/www.deuxchevaux.ch\/wordpress\/eintreffen-der-gaeste\/logo_henry_helferessen_16_7351\/\" data-orig-file=\"https:\/\/i0.wp.com\/www.deuxchevaux.ch\/wordpress\/wp-content\/uploads\/2016\/04\/logo_henry_helferessen_16_7351.jpg?fit=3924%2C804&amp;ssl=1\" data-orig-size=\"3924,804\" data-comments-opened=\"0\" data-image-meta=\"{&quot;aperture&quot;:&quot;0&quot;,&quot;credit&quot;:&quot;henry.oehrli@bluewin.ch&quot;,&quot;camera&quot;:&quot;&quot;,&quot;caption&quot;:&quot;&quot;,&quot;created_timestamp&quot;:&quot;1459609665&quot;,&quot;copyright&quot;:&quot;henry.oehrli@bluewin.ch&quot;,&quot;focal_length&quot;:&quot;0&quot;,&quot;iso&quot;:&quot;0&quot;,&quot;shutter_speed&quot;:&quot;0&quot;,&quot;title&quot;:&quot;&quot;,&quot;orientation&quot;:&quot;0&quot;}\" data-image-title=\"Logo Henry Helferessen 16 7351\" data-image-description=\"\" data-image-caption=\"\" data-medium-file=\"https:\/\/i0.wp.com\/www.deuxchevaux.ch\/wordpress\/wp-content\/uploads\/2016\/04\/logo_henry_helferessen_16_7351.jpg?fit=300%2C61&amp;ssl=1\" data-large-file=\"https:\/\/i0.wp.com\/www.deuxchevaux.ch\/wordpress\/wp-content\/uploads\/2016\/04\/logo_henry_helferessen_16_7351.jpg?fit=1024%2C210&amp;ssl=1\" class=\"alignnone wp-image-3864 size-large\" src=\"https:\/\/i0.wp.com\/www.deuxchevaux.ch\/wordpress\/wp-content\/uploads\/2016\/04\/logo_henry_helferessen_16_7351.jpg?resize=848%2C174&#038;ssl=1\" alt=\"2CV_Helverausflug_2_4_16_7351\" width=\"848\" height=\"174\" srcset=\"https:\/\/i0.wp.com\/www.deuxchevaux.ch\/wordpress\/wp-content\/uploads\/2016\/04\/logo_henry_helferessen_16_7351.jpg?resize=1024%2C210&amp;ssl=1 1024w, https:\/\/i0.wp.com\/www.deuxchevaux.ch\/wordpress\/wp-content\/uploads\/2016\/04\/logo_henry_helferessen_16_7351.jpg?resize=150%2C31&amp;ssl=1 150w, https:\/\/i0.wp.com\/www.deuxchevaux.ch\/wordpress\/wp-content\/uploads\/2016\/04\/logo_henry_helferessen_16_7351.jpg?resize=300%2C61&amp;ssl=1 300w, https:\/\/i0.wp.com\/www.deuxchevaux.ch\/wordpress\/wp-content\/uploads\/2016\/04\/logo_henry_helferessen_16_7351.jpg?resize=768%2C157&amp;ssl=1 768w, https:\/\/i0.wp.com\/www.deuxchevaux.ch\/wordpress\/wp-content\/uploads\/2016\/04\/logo_henry_helferessen_16_7351.jpg?resize=400%2C82&amp;ssl=1 400w, https:\/\/i0.wp.com\/www.deuxchevaux.ch\/wordpress\/wp-content\/uploads\/2016\/04\/logo_henry_helferessen_16_7351.jpg?w=2340&amp;ssl=1 2340w, https:\/\/i0.wp.com\/www.deuxchevaux.ch\/wordpress\/wp-content\/uploads\/2016\/04\/logo_henry_helferessen_16_7351.jpg?w=3510&amp;ssl=1 3510w\" sizes=\"(max-width: 848px) 100vw, 848px\" \/><\/a><\/p>\n<p>Wir sind Enthusiasten!<\/p>\n<p>Der Klub &#8222;D\u00f6schwo Fr\u00fcnde B\u00e4rn&#8220; existiert seit 1994. Zur Zeit sind etwa 50 Mitglieder registriert, die Tendenz ist steigend.<\/p>\n<p>Zu unseren Lieblingsbesch\u00e4ftigungen geh\u00f6rt das Geniessen der sch\u00f6nen Stunden, welche uns unser tolles Hobby beschert. Am monatlichen Stammtisch oder bei gemeinsamen Ausfahrten tauschen wir Erfahrungen aus und pflegen internationale Kontakte. Reparaturtipps sind auch immer angesagt.<\/p>\n<p><a href=\"https:\/\/i0.wp.com\/www.deuxchevaux.ch\/wordpress\/wp-content\/uploads\/2016\/04\/logo_henry_helferessen_16_7357.jpg?ssl=1\" target=\"_blank\" rel=\"noopener noreferrer\"><img data-recalc-dims=\"1\" loading=\"lazy\" decoding=\"async\" data-attachment-id=\"3863\" data-permalink=\"https:\/\/www.deuxchevaux.ch\/wordpress\/eintreffen-der-gaeste\/logo_henry_helferessen_16_7357\/\" data-orig-file=\"https:\/\/i0.wp.com\/www.deuxchevaux.ch\/wordpress\/wp-content\/uploads\/2016\/04\/logo_henry_helferessen_16_7357.jpg?fit=4420%2C1280&amp;ssl=1\" data-orig-size=\"4420,1280\" data-comments-opened=\"0\" data-image-meta=\"{&quot;aperture&quot;:&quot;0&quot;,&quot;credit&quot;:&quot;henry.oehrli@bluewin.ch&quot;,&quot;camera&quot;:&quot;&quot;,&quot;caption&quot;:&quot;&quot;,&quot;created_timestamp&quot;:&quot;1459616569&quot;,&quot;copyright&quot;:&quot;henry.oehrli@bluewin.ch&quot;,&quot;focal_length&quot;:&quot;0&quot;,&quot;iso&quot;:&quot;0&quot;,&quot;shutter_speed&quot;:&quot;0&quot;,&quot;title&quot;:&quot;&quot;,&quot;orientation&quot;:&quot;0&quot;}\" data-image-title=\"Logo Henry Helferessen 16 7357\" data-image-description=\"\" data-image-caption=\"\" data-medium-file=\"https:\/\/i0.wp.com\/www.deuxchevaux.ch\/wordpress\/wp-content\/uploads\/2016\/04\/logo_henry_helferessen_16_7357.jpg?fit=300%2C87&amp;ssl=1\" data-large-file=\"https:\/\/i0.wp.com\/www.deuxchevaux.ch\/wordpress\/wp-content\/uploads\/2016\/04\/logo_henry_helferessen_16_7357.jpg?fit=1024%2C297&amp;ssl=1\" class=\"alignnone wp-image-3863 size-large\" src=\"https:\/\/i0.wp.com\/www.deuxchevaux.ch\/wordpress\/wp-content\/uploads\/2016\/04\/logo_henry_helferessen_16_7357.jpg?resize=848%2C246&#038;ssl=1\" alt=\"2CV_Helverausflug_2_4_16_7357\" width=\"848\" height=\"246\" srcset=\"https:\/\/i0.wp.com\/www.deuxchevaux.ch\/wordpress\/wp-content\/uploads\/2016\/04\/logo_henry_helferessen_16_7357.jpg?resize=1024%2C297&amp;ssl=1 1024w, https:\/\/i0.wp.com\/www.deuxchevaux.ch\/wordpress\/wp-content\/uploads\/2016\/04\/logo_henry_helferessen_16_7357.jpg?resize=150%2C43&amp;ssl=1 150w, https:\/\/i0.wp.com\/www.deuxchevaux.ch\/wordpress\/wp-content\/uploads\/2016\/04\/logo_henry_helferessen_16_7357.jpg?resize=300%2C87&amp;ssl=1 300w, https:\/\/i0.wp.com\/www.deuxchevaux.ch\/wordpress\/wp-content\/uploads\/2016\/04\/logo_henry_helferessen_16_7357.jpg?resize=768%2C222&amp;ssl=1 768w, https:\/\/i0.wp.com\/www.deuxchevaux.ch\/wordpress\/wp-content\/uploads\/2016\/04\/logo_henry_helferessen_16_7357.jpg?resize=400%2C116&amp;ssl=1 400w, https:\/\/i0.wp.com\/www.deuxchevaux.ch\/wordpress\/wp-content\/uploads\/2016\/04\/logo_henry_helferessen_16_7357.jpg?w=2340&amp;ssl=1 2340w, https:\/\/i0.wp.com\/www.deuxchevaux.ch\/wordpress\/wp-content\/uploads\/2016\/04\/logo_henry_helferessen_16_7357.jpg?w=3510&amp;ssl=1 3510w\" sizes=\"(max-width: 848px) 100vw, 848px\" \/><\/a><\/p>\n<p>Wir freuen uns auf neue Mitglieder! Kommt doch einfach mal vorbei wenn Ihr Lust habt, die Enten schnattern zu h\u00f6ren. Wir heissen euch herzlich willkommen! F\u00fcr die ganz Schnellen geht&#8217;s hier direkt zum <a href=\"https:\/\/www.deuxchevaux.ch\/wordpress\/wp-content\/uploads\/club\/Anmeldeformular.pdf\" target=\"_blank\" rel=\"noopener noreferrer\">Anmeldeformular<\/a> \ud83d\ude42<\/p>\n<p>Hier findet Ihr <a href=\"https:\/\/www.deuxchevaux.ch\/wordpress\/?page_id=719\">unsere Lieblinge<\/a>, eine Seite voll mit Bildern unserer kleinen Freundinnen und <a href=\"https:\/\/www.deuxchevaux.ch\/wordpress\/?page_id=3510\">unserer kleinen Lieblinge<\/a>, Modellen und anderer Geschichten unserer Mitglieder!<br \/>\n<a href=\"https:\/\/i0.wp.com\/www.deuxchevaux.ch\/wordpress\/wp-content\/uploads\/2015\/12\/ueber_uns_2cv_fruende_17_7_13_0266.jpg?ssl=1\" target=\"_blank\" rel=\"noopener noreferrer\"><img data-recalc-dims=\"1\" loading=\"lazy\" decoding=\"async\" data-attachment-id=\"3492\" data-permalink=\"https:\/\/www.deuxchevaux.ch\/wordpress\/ueber-uns\/ueber_uns_2cv_fruende_17_7_13_0266\/\" data-orig-file=\"https:\/\/i0.wp.com\/www.deuxchevaux.ch\/wordpress\/wp-content\/uploads\/2015\/12\/ueber_uns_2cv_fruende_17_7_13_0266.jpg?fit=4752%2C3168&amp;ssl=1\" data-orig-size=\"4752,3168\" data-comments-opened=\"0\" data-image-meta=\"{&quot;aperture&quot;:&quot;0&quot;,&quot;credit&quot;:&quot;henry.oehrli@bluewin.ch&quot;,&quot;camera&quot;:&quot;&quot;,&quot;caption&quot;:&quot;&quot;,&quot;created_timestamp&quot;:&quot;1374089313&quot;,&quot;copyright&quot;:&quot;henry.oehrli@bluewin.ch&quot;,&quot;focal_length&quot;:&quot;0&quot;,&quot;iso&quot;:&quot;0&quot;,&quot;shutter_speed&quot;:&quot;0&quot;,&quot;title&quot;:&quot;&quot;,&quot;orientation&quot;:&quot;0&quot;}\" data-image-title=\"Ueber Uns 2cv Fruende 17 7 13 0266\" data-image-description=\"\" data-image-caption=\"\" data-medium-file=\"https:\/\/i0.wp.com\/www.deuxchevaux.ch\/wordpress\/wp-content\/uploads\/2015\/12\/ueber_uns_2cv_fruende_17_7_13_0266.jpg?fit=300%2C200&amp;ssl=1\" data-large-file=\"https:\/\/i0.wp.com\/www.deuxchevaux.ch\/wordpress\/wp-content\/uploads\/2015\/12\/ueber_uns_2cv_fruende_17_7_13_0266.jpg?fit=1024%2C683&amp;ssl=1\" class=\"alignnone wp-image-3492 size-large\" src=\"https:\/\/i0.wp.com\/www.deuxchevaux.ch\/wordpress\/wp-content\/uploads\/2015\/12\/ueber_uns_2cv_fruende_17_7_13_0266.jpg?resize=848%2C566&#038;ssl=1\" width=\"848\" height=\"566\" srcset=\"https:\/\/i0.wp.com\/www.deuxchevaux.ch\/wordpress\/wp-content\/uploads\/2015\/12\/ueber_uns_2cv_fruende_17_7_13_0266.jpg?resize=1024%2C683&amp;ssl=1 1024w, https:\/\/i0.wp.com\/www.deuxchevaux.ch\/wordpress\/wp-content\/uploads\/2015\/12\/ueber_uns_2cv_fruende_17_7_13_0266.jpg?resize=150%2C100&amp;ssl=1 150w, https:\/\/i0.wp.com\/www.deuxchevaux.ch\/wordpress\/wp-content\/uploads\/2015\/12\/ueber_uns_2cv_fruende_17_7_13_0266.jpg?resize=300%2C200&amp;ssl=1 300w, https:\/\/i0.wp.com\/www.deuxchevaux.ch\/wordpress\/wp-content\/uploads\/2015\/12\/ueber_uns_2cv_fruende_17_7_13_0266.jpg?resize=768%2C512&amp;ssl=1 768w, https:\/\/i0.wp.com\/www.deuxchevaux.ch\/wordpress\/wp-content\/uploads\/2015\/12\/ueber_uns_2cv_fruende_17_7_13_0266.jpg?resize=400%2C267&amp;ssl=1 400w, https:\/\/i0.wp.com\/www.deuxchevaux.ch\/wordpress\/wp-content\/uploads\/2015\/12\/ueber_uns_2cv_fruende_17_7_13_0266.jpg?w=2340&amp;ssl=1 2340w, https:\/\/i0.wp.com\/www.deuxchevaux.ch\/wordpress\/wp-content\/uploads\/2015\/12\/ueber_uns_2cv_fruende_17_7_13_0266.jpg?w=3510&amp;ssl=1 3510w\" sizes=\"(max-width: 848px) 100vw, 848px\" \/><\/a><\/p>\n<p>Wir treffen uns immer um 19:00h, jeweils\u00a0am 3. Mittwoch des Monats zu unserem <a href=\"https:\/\/www.deuxchevaux.ch\/wordpress\/?page_id=5253\">H\u00f6ck<\/a> in der <a href=\"https:\/\/www.seerose-moossee.ch\/\" target=\"_blank\" rel=\"noopener noreferrer\">Seerose, Restaurant am Moossee<\/a>. Die genaue Adresse lautet Seerosenstrasse 52, 3302 Moosseedorf.<\/p>\n<p>Unser Vorstand setzt sich zusammen aus:<\/p>\n<p><strong>Pr\u00e4sident<\/strong> &#8211;\u00a0Marc Bergundthal | <strong>Vize Pr\u00e4sidentin<\/strong> &#8211; Verena Zahnd | <strong>Kassier<\/strong> &#8211; Stephan Egloff | <strong>Beisitzer<\/strong> &#8211; Martin Waber | <strong>Beisitzer<\/strong> &#8211; Francis Tsch\u00e4pp\u00e4t<\/p>\n","protected":false},"excerpt":{"rendered":"<p>Wir sind Enthusiasten! Der Klub &#8222;D\u00f6schwo Fr\u00fcnde B\u00e4rn&#8220; existiert seit 1994. Zur Zeit sind etwa 50 Mitglieder registriert, die Tendenz ist steigend. [&hellip;]<\/p>\n","protected":false},"author":1,"featured_media":0,"parent":0,"menu_order":0,"comment_status":"closed","ping_status":"closed","template":"","meta":{"footnotes":""},"class_list":["post-631","page","type-page","status-publish","hentry"],"jetpack_sharing_enabled":true,"_links":{"self":[{"href":"https:\/\/www.deuxchevaux.ch\/wordpress\/wp-json\/wp\/v2\/pages\/631"}],"collection":[{"href":"https:\/\/www.deuxchevaux.ch\/wordpress\/wp-json\/wp\/v2\/pages"}],"about":[{"href":"https:\/\/www.deuxchevaux.ch\/wordpress\/wp-json\/wp\/v2\/types\/page"}],"author":[{"embeddable":true,"href":"https:\/\/www.deuxchevaux.ch\/wordpress\/wp-json\/wp\/v2\/users\/1"}],"replies":[{"embeddable":true,"href":"https:\/\/www.deuxchevaux.ch\/wordpress\/wp-json\/wp\/v2\/comments?post=631"}],"version-history":[{"count":126,"href":"https:\/\/www.deuxchevaux.ch\/wordpress\/wp-json\/wp\/v2\/pages\/631\/revisions"}],"predecessor-version":[{"id":18270,"href":"https:\/\/www.deuxchevaux.ch\/wordpress\/wp-json\/wp\/v2\/pages\/631\/revisions\/18270"}],"wp:attachment":[{"href":"https:\/\/www.deuxchevaux.ch\/wordpress\/wp-json\/wp\/v2\/media?parent=631"}],"curies":[{"name":"wp","href":"https:\/\/api.w.org\/{rel}","templated":true}]}}