{"id":7298,"date":"2018-02-25T15:27:12","date_gmt":"2018-02-25T14:27:12","guid":{"rendered":"http:\/\/www.deuxchevaux.ch\/wordpress\/?page_id=7298"},"modified":"2018-02-25T16:02:49","modified_gmt":"2018-02-25T15:02:49","slug":"beim-reserverad-stauraum-schaffen","status":"publish","type":"page","link":"https:\/\/www.deuxchevaux.ch\/wordpress\/mitglieder\/konzept\/beim-reserverad-stauraum-schaffen\/","title":{"rendered":"Beim Reserverad Stauraum schaffen"},"content":{"rendered":"<p>Hier ein kleiner Trick von Marc um zus\u00e4tzlichen Stauraum im D\u00f6schwo zu schaffen.<\/p>\n<p><a href=\"https:\/\/i0.wp.com\/www.deuxchevaux.ch\/wordpress\/wp-content\/uploads\/2018\/02\/Reserverad_Stauraum_20180215_202625.jpg?ssl=1\" target=\"_blank\" rel=\"noopener\"><img data-recalc-dims=\"1\" loading=\"lazy\" decoding=\"async\" data-attachment-id=\"7285\" data-permalink=\"https:\/\/www.deuxchevaux.ch\/wordpress\/mitglieder\/konzept\/beim-reserverad-stauraum-schaffen\/reserverad_stauraum_20180215_202625\/\" data-orig-file=\"https:\/\/i0.wp.com\/www.deuxchevaux.ch\/wordpress\/wp-content\/uploads\/2018\/02\/Reserverad_Stauraum_20180215_202625.jpg?fit=2133%2C1200&amp;ssl=1\" data-orig-size=\"2133,1200\" data-comments-opened=\"0\" data-image-meta=\"{&quot;aperture&quot;:&quot;1.9&quot;,&quot;credit&quot;:&quot;&quot;,&quot;camera&quot;:&quot;SM-A520F&quot;,&quot;caption&quot;:&quot;&quot;,&quot;created_timestamp&quot;:&quot;1518726385&quot;,&quot;copyright&quot;:&quot;&quot;,&quot;focal_length&quot;:&quot;3.6&quot;,&quot;iso&quot;:&quot;160&quot;,&quot;shutter_speed&quot;:&quot;0.05&quot;,&quot;title&quot;:&quot;&quot;,&quot;orientation&quot;:&quot;1&quot;}\" data-image-title=\"Reserverad Stauraum 20180215 202625\" data-image-description=\"\" data-image-caption=\"\" data-medium-file=\"https:\/\/i0.wp.com\/www.deuxchevaux.ch\/wordpress\/wp-content\/uploads\/2018\/02\/Reserverad_Stauraum_20180215_202625.jpg?fit=300%2C169&amp;ssl=1\" data-large-file=\"https:\/\/i0.wp.com\/www.deuxchevaux.ch\/wordpress\/wp-content\/uploads\/2018\/02\/Reserverad_Stauraum_20180215_202625.jpg?fit=1024%2C576&amp;ssl=1\" class=\"alignnone wp-image-7285 size-large\" src=\"https:\/\/i0.wp.com\/www.deuxchevaux.ch\/wordpress\/wp-content\/uploads\/2018\/02\/Reserverad_Stauraum_20180215_202625.jpg?resize=945%2C532&#038;ssl=1\" alt=\"\" width=\"945\" height=\"532\" srcset=\"https:\/\/i0.wp.com\/www.deuxchevaux.ch\/wordpress\/wp-content\/uploads\/2018\/02\/Reserverad_Stauraum_20180215_202625.jpg?resize=1024%2C576&amp;ssl=1 1024w, https:\/\/i0.wp.com\/www.deuxchevaux.ch\/wordpress\/wp-content\/uploads\/2018\/02\/Reserverad_Stauraum_20180215_202625.jpg?resize=150%2C84&amp;ssl=1 150w, https:\/\/i0.wp.com\/www.deuxchevaux.ch\/wordpress\/wp-content\/uploads\/2018\/02\/Reserverad_Stauraum_20180215_202625.jpg?resize=300%2C169&amp;ssl=1 300w, https:\/\/i0.wp.com\/www.deuxchevaux.ch\/wordpress\/wp-content\/uploads\/2018\/02\/Reserverad_Stauraum_20180215_202625.jpg?resize=768%2C432&amp;ssl=1 768w, https:\/\/i0.wp.com\/www.deuxchevaux.ch\/wordpress\/wp-content\/uploads\/2018\/02\/Reserverad_Stauraum_20180215_202625.jpg?resize=400%2C225&amp;ssl=1 400w\" sizes=\"(max-width: 945px) 100vw, 945px\" \/><\/a><\/p>\n<p>Man nehme das Reserven Rad raus.\u00a0<a href=\"https:\/\/i0.wp.com\/www.deuxchevaux.ch\/wordpress\/wp-content\/uploads\/2018\/02\/Reserverad_Stauraum_IMG-20180225-WA0002.jpg?ssl=1\" target=\"_blank\" rel=\"noopener\"><img data-recalc-dims=\"1\" loading=\"lazy\" decoding=\"async\" data-attachment-id=\"7294\" data-permalink=\"https:\/\/www.deuxchevaux.ch\/wordpress\/mitglieder\/konzept\/beim-reserverad-stauraum-schaffen\/reserverad_stauraum_img-20180225-wa0002\/\" data-orig-file=\"https:\/\/i0.wp.com\/www.deuxchevaux.ch\/wordpress\/wp-content\/uploads\/2018\/02\/Reserverad_Stauraum_IMG-20180225-WA0002.jpg?fit=900%2C1600&amp;ssl=1\" data-orig-size=\"900,1600\" data-comments-opened=\"0\" data-image-meta=\"{&quot;aperture&quot;:&quot;0&quot;,&quot;credit&quot;:&quot;&quot;,&quot;camera&quot;:&quot;&quot;,&quot;caption&quot;:&quot;&quot;,&quot;created_timestamp&quot;:&quot;0&quot;,&quot;copyright&quot;:&quot;&quot;,&quot;focal_length&quot;:&quot;0&quot;,&quot;iso&quot;:&quot;0&quot;,&quot;shutter_speed&quot;:&quot;0&quot;,&quot;title&quot;:&quot;&quot;,&quot;orientation&quot;:&quot;0&quot;}\" data-image-title=\"Reserverad Stauraum IMG 20180225 WA0002\" data-image-description=\"\" data-image-caption=\"\" data-medium-file=\"https:\/\/i0.wp.com\/www.deuxchevaux.ch\/wordpress\/wp-content\/uploads\/2018\/02\/Reserverad_Stauraum_IMG-20180225-WA0002.jpg?fit=169%2C300&amp;ssl=1\" data-large-file=\"https:\/\/i0.wp.com\/www.deuxchevaux.ch\/wordpress\/wp-content\/uploads\/2018\/02\/Reserverad_Stauraum_IMG-20180225-WA0002.jpg?fit=576%2C1024&amp;ssl=1\" class=\"alignnone wp-image-7294 size-thumbnail\" src=\"https:\/\/i0.wp.com\/www.deuxchevaux.ch\/wordpress\/wp-content\/uploads\/2018\/02\/Reserverad_Stauraum_IMG-20180225-WA0002.jpg?resize=84%2C150&#038;ssl=1\" alt=\"\" width=\"84\" height=\"150\" srcset=\"https:\/\/i0.wp.com\/www.deuxchevaux.ch\/wordpress\/wp-content\/uploads\/2018\/02\/Reserverad_Stauraum_IMG-20180225-WA0002.jpg?resize=84%2C150&amp;ssl=1 84w, https:\/\/i0.wp.com\/www.deuxchevaux.ch\/wordpress\/wp-content\/uploads\/2018\/02\/Reserverad_Stauraum_IMG-20180225-WA0002.jpg?resize=169%2C300&amp;ssl=1 169w, https:\/\/i0.wp.com\/www.deuxchevaux.ch\/wordpress\/wp-content\/uploads\/2018\/02\/Reserverad_Stauraum_IMG-20180225-WA0002.jpg?resize=768%2C1365&amp;ssl=1 768w, https:\/\/i0.wp.com\/www.deuxchevaux.ch\/wordpress\/wp-content\/uploads\/2018\/02\/Reserverad_Stauraum_IMG-20180225-WA0002.jpg?resize=576%2C1024&amp;ssl=1 576w, https:\/\/i0.wp.com\/www.deuxchevaux.ch\/wordpress\/wp-content\/uploads\/2018\/02\/Reserverad_Stauraum_IMG-20180225-WA0002.jpg?resize=400%2C711&amp;ssl=1 400w, https:\/\/i0.wp.com\/www.deuxchevaux.ch\/wordpress\/wp-content\/uploads\/2018\/02\/Reserverad_Stauraum_IMG-20180225-WA0002.jpg?w=900&amp;ssl=1 900w\" sizes=\"(max-width: 84px) 100vw, 84px\" \/><\/a><\/p>\n<p><a href=\"https:\/\/i0.wp.com\/www.deuxchevaux.ch\/wordpress\/wp-content\/uploads\/2018\/02\/Reserverad_Stauraum_20180215_202542.jpg?ssl=1\" target=\"_blank\" rel=\"noopener\"><img data-recalc-dims=\"1\" loading=\"lazy\" decoding=\"async\" data-attachment-id=\"7293\" data-permalink=\"https:\/\/www.deuxchevaux.ch\/wordpress\/mitglieder\/konzept\/beim-reserverad-stauraum-schaffen\/reserverad_stauraum_20180215_202542\/\" data-orig-file=\"https:\/\/i0.wp.com\/www.deuxchevaux.ch\/wordpress\/wp-content\/uploads\/2018\/02\/Reserverad_Stauraum_20180215_202542.jpg?fit=2133%2C1200&amp;ssl=1\" data-orig-size=\"2133,1200\" data-comments-opened=\"0\" data-image-meta=\"{&quot;aperture&quot;:&quot;1.9&quot;,&quot;credit&quot;:&quot;&quot;,&quot;camera&quot;:&quot;SM-A520F&quot;,&quot;caption&quot;:&quot;&quot;,&quot;created_timestamp&quot;:&quot;1518726342&quot;,&quot;copyright&quot;:&quot;&quot;,&quot;focal_length&quot;:&quot;3.6&quot;,&quot;iso&quot;:&quot;320&quot;,&quot;shutter_speed&quot;:&quot;0.058823529411765&quot;,&quot;title&quot;:&quot;&quot;,&quot;orientation&quot;:&quot;1&quot;}\" data-image-title=\"Reserverad Stauraum 20180215 202542\" data-image-description=\"\" data-image-caption=\"\" data-medium-file=\"https:\/\/i0.wp.com\/www.deuxchevaux.ch\/wordpress\/wp-content\/uploads\/2018\/02\/Reserverad_Stauraum_20180215_202542.jpg?fit=300%2C169&amp;ssl=1\" data-large-file=\"https:\/\/i0.wp.com\/www.deuxchevaux.ch\/wordpress\/wp-content\/uploads\/2018\/02\/Reserverad_Stauraum_20180215_202542.jpg?fit=1024%2C576&amp;ssl=1\" class=\"alignnone wp-image-7293 size-large\" src=\"https:\/\/i0.wp.com\/www.deuxchevaux.ch\/wordpress\/wp-content\/uploads\/2018\/02\/Reserverad_Stauraum_20180215_202542.jpg?resize=945%2C532&#038;ssl=1\" alt=\"\" width=\"945\" height=\"532\" srcset=\"https:\/\/i0.wp.com\/www.deuxchevaux.ch\/wordpress\/wp-content\/uploads\/2018\/02\/Reserverad_Stauraum_20180215_202542.jpg?resize=1024%2C576&amp;ssl=1 1024w, https:\/\/i0.wp.com\/www.deuxchevaux.ch\/wordpress\/wp-content\/uploads\/2018\/02\/Reserverad_Stauraum_20180215_202542.jpg?resize=150%2C84&amp;ssl=1 150w, https:\/\/i0.wp.com\/www.deuxchevaux.ch\/wordpress\/wp-content\/uploads\/2018\/02\/Reserverad_Stauraum_20180215_202542.jpg?resize=300%2C169&amp;ssl=1 300w, https:\/\/i0.wp.com\/www.deuxchevaux.ch\/wordpress\/wp-content\/uploads\/2018\/02\/Reserverad_Stauraum_20180215_202542.jpg?resize=768%2C432&amp;ssl=1 768w, https:\/\/i0.wp.com\/www.deuxchevaux.ch\/wordpress\/wp-content\/uploads\/2018\/02\/Reserverad_Stauraum_20180215_202542.jpg?resize=400%2C225&amp;ssl=1 400w\" sizes=\"(max-width: 945px) 100vw, 945px\" \/><\/a><\/p>\n<p>Schneide 2 Holz Latten 25&#215;20-570mm lang zu. Lege die Latten gem\u00e4ss dem Bild in den Kofferraum.<\/p>\n<p><a href=\"https:\/\/i0.wp.com\/www.deuxchevaux.ch\/wordpress\/wp-content\/uploads\/2018\/02\/Reserverad_Stauraum_20180217_102103.jpg?ssl=1\" target=\"_blank\" rel=\"noopener\"><img data-recalc-dims=\"1\" loading=\"lazy\" decoding=\"async\" data-attachment-id=\"7287\" data-permalink=\"https:\/\/www.deuxchevaux.ch\/wordpress\/mitglieder\/konzept\/beim-reserverad-stauraum-schaffen\/reserverad_stauraum_20180217_102103\/\" data-orig-file=\"https:\/\/i0.wp.com\/www.deuxchevaux.ch\/wordpress\/wp-content\/uploads\/2018\/02\/Reserverad_Stauraum_20180217_102103.jpg?fit=2133%2C1200&amp;ssl=1\" data-orig-size=\"2133,1200\" data-comments-opened=\"0\" data-image-meta=\"{&quot;aperture&quot;:&quot;1.9&quot;,&quot;credit&quot;:&quot;&quot;,&quot;camera&quot;:&quot;SM-A520F&quot;,&quot;caption&quot;:&quot;&quot;,&quot;created_timestamp&quot;:&quot;1518862863&quot;,&quot;copyright&quot;:&quot;&quot;,&quot;focal_length&quot;:&quot;3.6&quot;,&quot;iso&quot;:&quot;160&quot;,&quot;shutter_speed&quot;:&quot;0.05&quot;,&quot;title&quot;:&quot;&quot;,&quot;orientation&quot;:&quot;1&quot;}\" data-image-title=\"Reserverad Stauraum 20180217 102103\" data-image-description=\"\" data-image-caption=\"\" data-medium-file=\"https:\/\/i0.wp.com\/www.deuxchevaux.ch\/wordpress\/wp-content\/uploads\/2018\/02\/Reserverad_Stauraum_20180217_102103.jpg?fit=300%2C169&amp;ssl=1\" data-large-file=\"https:\/\/i0.wp.com\/www.deuxchevaux.ch\/wordpress\/wp-content\/uploads\/2018\/02\/Reserverad_Stauraum_20180217_102103.jpg?fit=1024%2C576&amp;ssl=1\" class=\"alignnone wp-image-7287 size-large\" src=\"https:\/\/i0.wp.com\/www.deuxchevaux.ch\/wordpress\/wp-content\/uploads\/2018\/02\/Reserverad_Stauraum_20180217_102103.jpg?resize=945%2C532&#038;ssl=1\" alt=\"\" width=\"945\" height=\"532\" srcset=\"https:\/\/i0.wp.com\/www.deuxchevaux.ch\/wordpress\/wp-content\/uploads\/2018\/02\/Reserverad_Stauraum_20180217_102103.jpg?resize=1024%2C576&amp;ssl=1 1024w, https:\/\/i0.wp.com\/www.deuxchevaux.ch\/wordpress\/wp-content\/uploads\/2018\/02\/Reserverad_Stauraum_20180217_102103.jpg?resize=150%2C84&amp;ssl=1 150w, https:\/\/i0.wp.com\/www.deuxchevaux.ch\/wordpress\/wp-content\/uploads\/2018\/02\/Reserverad_Stauraum_20180217_102103.jpg?resize=300%2C169&amp;ssl=1 300w, https:\/\/i0.wp.com\/www.deuxchevaux.ch\/wordpress\/wp-content\/uploads\/2018\/02\/Reserverad_Stauraum_20180217_102103.jpg?resize=768%2C432&amp;ssl=1 768w, https:\/\/i0.wp.com\/www.deuxchevaux.ch\/wordpress\/wp-content\/uploads\/2018\/02\/Reserverad_Stauraum_20180217_102103.jpg?resize=400%2C225&amp;ssl=1 400w\" sizes=\"(max-width: 945px) 100vw, 945px\" \/><\/a><\/p>\n<p>Nun kann man das Reserven Rad umgekehrt rein legen<\/p>\n<p><a href=\"https:\/\/i0.wp.com\/www.deuxchevaux.ch\/wordpress\/wp-content\/uploads\/2018\/02\/Reserverad_Stauraum_IMG-20180225-WA0001.jpg?ssl=1\" target=\"_blank\" rel=\"noopener\"><img data-recalc-dims=\"1\" loading=\"lazy\" decoding=\"async\" data-attachment-id=\"7295\" data-permalink=\"https:\/\/www.deuxchevaux.ch\/wordpress\/mitglieder\/konzept\/beim-reserverad-stauraum-schaffen\/reserverad_stauraum_img-20180225-wa0001\/\" data-orig-file=\"https:\/\/i0.wp.com\/www.deuxchevaux.ch\/wordpress\/wp-content\/uploads\/2018\/02\/Reserverad_Stauraum_IMG-20180225-WA0001.jpg?fit=1600%2C900&amp;ssl=1\" data-orig-size=\"1600,900\" data-comments-opened=\"0\" data-image-meta=\"{&quot;aperture&quot;:&quot;0&quot;,&quot;credit&quot;:&quot;&quot;,&quot;camera&quot;:&quot;&quot;,&quot;caption&quot;:&quot;&quot;,&quot;created_timestamp&quot;:&quot;0&quot;,&quot;copyright&quot;:&quot;&quot;,&quot;focal_length&quot;:&quot;0&quot;,&quot;iso&quot;:&quot;0&quot;,&quot;shutter_speed&quot;:&quot;0&quot;,&quot;title&quot;:&quot;&quot;,&quot;orientation&quot;:&quot;0&quot;}\" data-image-title=\"Reserverad Stauraum IMG 20180225 WA0001\" data-image-description=\"\" data-image-caption=\"\" data-medium-file=\"https:\/\/i0.wp.com\/www.deuxchevaux.ch\/wordpress\/wp-content\/uploads\/2018\/02\/Reserverad_Stauraum_IMG-20180225-WA0001.jpg?fit=300%2C169&amp;ssl=1\" data-large-file=\"https:\/\/i0.wp.com\/www.deuxchevaux.ch\/wordpress\/wp-content\/uploads\/2018\/02\/Reserverad_Stauraum_IMG-20180225-WA0001.jpg?fit=1024%2C576&amp;ssl=1\" class=\"alignnone wp-image-7295 size-large\" src=\"https:\/\/i0.wp.com\/www.deuxchevaux.ch\/wordpress\/wp-content\/uploads\/2018\/02\/Reserverad_Stauraum_IMG-20180225-WA0001.jpg?resize=945%2C532&#038;ssl=1\" alt=\"\" width=\"945\" height=\"532\" srcset=\"https:\/\/i0.wp.com\/www.deuxchevaux.ch\/wordpress\/wp-content\/uploads\/2018\/02\/Reserverad_Stauraum_IMG-20180225-WA0001.jpg?resize=1024%2C576&amp;ssl=1 1024w, https:\/\/i0.wp.com\/www.deuxchevaux.ch\/wordpress\/wp-content\/uploads\/2018\/02\/Reserverad_Stauraum_IMG-20180225-WA0001.jpg?resize=150%2C84&amp;ssl=1 150w, https:\/\/i0.wp.com\/www.deuxchevaux.ch\/wordpress\/wp-content\/uploads\/2018\/02\/Reserverad_Stauraum_IMG-20180225-WA0001.jpg?resize=300%2C169&amp;ssl=1 300w, https:\/\/i0.wp.com\/www.deuxchevaux.ch\/wordpress\/wp-content\/uploads\/2018\/02\/Reserverad_Stauraum_IMG-20180225-WA0001.jpg?resize=768%2C432&amp;ssl=1 768w, https:\/\/i0.wp.com\/www.deuxchevaux.ch\/wordpress\/wp-content\/uploads\/2018\/02\/Reserverad_Stauraum_IMG-20180225-WA0001.jpg?resize=400%2C225&amp;ssl=1 400w, https:\/\/i0.wp.com\/www.deuxchevaux.ch\/wordpress\/wp-content\/uploads\/2018\/02\/Reserverad_Stauraum_IMG-20180225-WA0001.jpg?w=1600&amp;ssl=1 1600w\" sizes=\"(max-width: 945px) 100vw, 945px\" \/><\/a><\/p>\n<p>und erh\u00e4lt so zus\u00e4tzlichen Stauraum z.B. f\u00fcr das Bord-Werkzeug, Picknick Decke u.s.w.<\/p>\n<p><a href=\"https:\/\/i0.wp.com\/www.deuxchevaux.ch\/wordpress\/wp-content\/uploads\/2018\/02\/Reserverad_Stauraum_20180217_102614.jpg?ssl=1\" target=\"_blank\" rel=\"noopener\"><img data-recalc-dims=\"1\" loading=\"lazy\" decoding=\"async\" data-attachment-id=\"7288\" data-permalink=\"https:\/\/www.deuxchevaux.ch\/wordpress\/mitglieder\/konzept\/beim-reserverad-stauraum-schaffen\/reserverad_stauraum_20180217_102614\/\" data-orig-file=\"https:\/\/i0.wp.com\/www.deuxchevaux.ch\/wordpress\/wp-content\/uploads\/2018\/02\/Reserverad_Stauraum_20180217_102614.jpg?fit=2133%2C1200&amp;ssl=1\" data-orig-size=\"2133,1200\" data-comments-opened=\"0\" data-image-meta=\"{&quot;aperture&quot;:&quot;1.9&quot;,&quot;credit&quot;:&quot;&quot;,&quot;camera&quot;:&quot;SM-A520F&quot;,&quot;caption&quot;:&quot;&quot;,&quot;created_timestamp&quot;:&quot;1518863174&quot;,&quot;copyright&quot;:&quot;&quot;,&quot;focal_length&quot;:&quot;3.6&quot;,&quot;iso&quot;:&quot;200&quot;,&quot;shutter_speed&quot;:&quot;0.04&quot;,&quot;title&quot;:&quot;&quot;,&quot;orientation&quot;:&quot;1&quot;}\" data-image-title=\"Reserverad Stauraum 20180217 102614\" data-image-description=\"\" data-image-caption=\"\" data-medium-file=\"https:\/\/i0.wp.com\/www.deuxchevaux.ch\/wordpress\/wp-content\/uploads\/2018\/02\/Reserverad_Stauraum_20180217_102614.jpg?fit=300%2C169&amp;ssl=1\" data-large-file=\"https:\/\/i0.wp.com\/www.deuxchevaux.ch\/wordpress\/wp-content\/uploads\/2018\/02\/Reserverad_Stauraum_20180217_102614.jpg?fit=1024%2C576&amp;ssl=1\" class=\"alignnone wp-image-7288 size-large\" src=\"https:\/\/i0.wp.com\/www.deuxchevaux.ch\/wordpress\/wp-content\/uploads\/2018\/02\/Reserverad_Stauraum_20180217_102614.jpg?resize=945%2C532&#038;ssl=1\" alt=\"\" width=\"945\" height=\"532\" srcset=\"https:\/\/i0.wp.com\/www.deuxchevaux.ch\/wordpress\/wp-content\/uploads\/2018\/02\/Reserverad_Stauraum_20180217_102614.jpg?resize=1024%2C576&amp;ssl=1 1024w, https:\/\/i0.wp.com\/www.deuxchevaux.ch\/wordpress\/wp-content\/uploads\/2018\/02\/Reserverad_Stauraum_20180217_102614.jpg?resize=150%2C84&amp;ssl=1 150w, https:\/\/i0.wp.com\/www.deuxchevaux.ch\/wordpress\/wp-content\/uploads\/2018\/02\/Reserverad_Stauraum_20180217_102614.jpg?resize=300%2C169&amp;ssl=1 300w, https:\/\/i0.wp.com\/www.deuxchevaux.ch\/wordpress\/wp-content\/uploads\/2018\/02\/Reserverad_Stauraum_20180217_102614.jpg?resize=768%2C432&amp;ssl=1 768w, https:\/\/i0.wp.com\/www.deuxchevaux.ch\/wordpress\/wp-content\/uploads\/2018\/02\/Reserverad_Stauraum_20180217_102614.jpg?resize=400%2C225&amp;ssl=1 400w\" sizes=\"(max-width: 945px) 100vw, 945px\" \/><\/a><\/p>\n<p>Hohlr\u00e4ume mit Ersatz Z\u00fcndspule, Lumpen, Ersatz-Birnen u.s.w. f\u00fcllen<\/p>\n<p><a href=\"https:\/\/i0.wp.com\/www.deuxchevaux.ch\/wordpress\/wp-content\/uploads\/2018\/02\/Reserverad_Stauraum_20180217_103209.jpg?ssl=1\" target=\"_blank\" rel=\"noopener\"><img data-recalc-dims=\"1\" loading=\"lazy\" decoding=\"async\" data-attachment-id=\"7289\" data-permalink=\"https:\/\/www.deuxchevaux.ch\/wordpress\/mitglieder\/konzept\/beim-reserverad-stauraum-schaffen\/reserverad_stauraum_20180217_103209\/\" data-orig-file=\"https:\/\/i0.wp.com\/www.deuxchevaux.ch\/wordpress\/wp-content\/uploads\/2018\/02\/Reserverad_Stauraum_20180217_103209.jpg?fit=2133%2C1200&amp;ssl=1\" data-orig-size=\"2133,1200\" data-comments-opened=\"0\" data-image-meta=\"{&quot;aperture&quot;:&quot;1.9&quot;,&quot;credit&quot;:&quot;&quot;,&quot;camera&quot;:&quot;SM-A520F&quot;,&quot;caption&quot;:&quot;&quot;,&quot;created_timestamp&quot;:&quot;1518863529&quot;,&quot;copyright&quot;:&quot;&quot;,&quot;focal_length&quot;:&quot;3.6&quot;,&quot;iso&quot;:&quot;200&quot;,&quot;shutter_speed&quot;:&quot;0.03030303030303&quot;,&quot;title&quot;:&quot;&quot;,&quot;orientation&quot;:&quot;6&quot;}\" data-image-title=\"Reserverad Stauraum 20180217 103209\" data-image-description=\"\" data-image-caption=\"\" data-medium-file=\"https:\/\/i0.wp.com\/www.deuxchevaux.ch\/wordpress\/wp-content\/uploads\/2018\/02\/Reserverad_Stauraum_20180217_103209.jpg?fit=300%2C169&amp;ssl=1\" data-large-file=\"https:\/\/i0.wp.com\/www.deuxchevaux.ch\/wordpress\/wp-content\/uploads\/2018\/02\/Reserverad_Stauraum_20180217_103209.jpg?fit=1024%2C576&amp;ssl=1\" class=\"alignnone wp-image-7289 size-large\" src=\"https:\/\/i0.wp.com\/www.deuxchevaux.ch\/wordpress\/wp-content\/uploads\/2018\/02\/Reserverad_Stauraum_20180217_103209.jpg?resize=945%2C532&#038;ssl=1\" alt=\"\" width=\"945\" height=\"532\" srcset=\"https:\/\/i0.wp.com\/www.deuxchevaux.ch\/wordpress\/wp-content\/uploads\/2018\/02\/Reserverad_Stauraum_20180217_103209.jpg?resize=1024%2C576&amp;ssl=1 1024w, https:\/\/i0.wp.com\/www.deuxchevaux.ch\/wordpress\/wp-content\/uploads\/2018\/02\/Reserverad_Stauraum_20180217_103209.jpg?resize=150%2C84&amp;ssl=1 150w, https:\/\/i0.wp.com\/www.deuxchevaux.ch\/wordpress\/wp-content\/uploads\/2018\/02\/Reserverad_Stauraum_20180217_103209.jpg?resize=300%2C169&amp;ssl=1 300w, https:\/\/i0.wp.com\/www.deuxchevaux.ch\/wordpress\/wp-content\/uploads\/2018\/02\/Reserverad_Stauraum_20180217_103209.jpg?resize=768%2C432&amp;ssl=1 768w, https:\/\/i0.wp.com\/www.deuxchevaux.ch\/wordpress\/wp-content\/uploads\/2018\/02\/Reserverad_Stauraum_20180217_103209.jpg?resize=400%2C225&amp;ssl=1 400w\" sizes=\"(max-width: 945px) 100vw, 945px\" \/><\/a><\/p>\n<p>und mit einer Decke decken. So erh\u00e4lt man einen ebenen Laderaum. Ohne die Holz Latten w\u00fcrde das Reserven Rad nur in der Mitte aufliegen und immer hin und her wippen.<\/p>\n<p><a href=\"https:\/\/i0.wp.com\/www.deuxchevaux.ch\/wordpress\/wp-content\/uploads\/2018\/02\/Reserverad_Stauraum_20180217_103348.jpg?ssl=1\" target=\"_blank\" rel=\"noopener\"><img data-recalc-dims=\"1\" loading=\"lazy\" decoding=\"async\" data-attachment-id=\"7290\" data-permalink=\"https:\/\/www.deuxchevaux.ch\/wordpress\/mitglieder\/konzept\/beim-reserverad-stauraum-schaffen\/reserverad_stauraum_20180217_103348\/\" data-orig-file=\"https:\/\/i0.wp.com\/www.deuxchevaux.ch\/wordpress\/wp-content\/uploads\/2018\/02\/Reserverad_Stauraum_20180217_103348.jpg?fit=2133%2C1200&amp;ssl=1\" data-orig-size=\"2133,1200\" data-comments-opened=\"0\" data-image-meta=\"{&quot;aperture&quot;:&quot;1.9&quot;,&quot;credit&quot;:&quot;&quot;,&quot;camera&quot;:&quot;SM-A520F&quot;,&quot;caption&quot;:&quot;&quot;,&quot;created_timestamp&quot;:&quot;1518863628&quot;,&quot;copyright&quot;:&quot;&quot;,&quot;focal_length&quot;:&quot;3.6&quot;,&quot;iso&quot;:&quot;200&quot;,&quot;shutter_speed&quot;:&quot;0.058823529411765&quot;,&quot;title&quot;:&quot;&quot;,&quot;orientation&quot;:&quot;1&quot;}\" data-image-title=\"Reserverad Stauraum 20180217 103348\" data-image-description=\"\" data-image-caption=\"\" data-medium-file=\"https:\/\/i0.wp.com\/www.deuxchevaux.ch\/wordpress\/wp-content\/uploads\/2018\/02\/Reserverad_Stauraum_20180217_103348.jpg?fit=300%2C169&amp;ssl=1\" data-large-file=\"https:\/\/i0.wp.com\/www.deuxchevaux.ch\/wordpress\/wp-content\/uploads\/2018\/02\/Reserverad_Stauraum_20180217_103348.jpg?fit=1024%2C576&amp;ssl=1\" class=\"alignnone wp-image-7290 size-large\" src=\"https:\/\/i0.wp.com\/www.deuxchevaux.ch\/wordpress\/wp-content\/uploads\/2018\/02\/Reserverad_Stauraum_20180217_103348.jpg?resize=945%2C532&#038;ssl=1\" alt=\"\" width=\"945\" height=\"532\" srcset=\"https:\/\/i0.wp.com\/www.deuxchevaux.ch\/wordpress\/wp-content\/uploads\/2018\/02\/Reserverad_Stauraum_20180217_103348.jpg?resize=1024%2C576&amp;ssl=1 1024w, https:\/\/i0.wp.com\/www.deuxchevaux.ch\/wordpress\/wp-content\/uploads\/2018\/02\/Reserverad_Stauraum_20180217_103348.jpg?resize=150%2C84&amp;ssl=1 150w, https:\/\/i0.wp.com\/www.deuxchevaux.ch\/wordpress\/wp-content\/uploads\/2018\/02\/Reserverad_Stauraum_20180217_103348.jpg?resize=300%2C169&amp;ssl=1 300w, https:\/\/i0.wp.com\/www.deuxchevaux.ch\/wordpress\/wp-content\/uploads\/2018\/02\/Reserverad_Stauraum_20180217_103348.jpg?resize=768%2C432&amp;ssl=1 768w, https:\/\/i0.wp.com\/www.deuxchevaux.ch\/wordpress\/wp-content\/uploads\/2018\/02\/Reserverad_Stauraum_20180217_103348.jpg?resize=400%2C225&amp;ssl=1 400w\" sizes=\"(max-width: 945px) 100vw, 945px\" \/><\/a><\/p>\n<p>&nbsp;<\/p>\n","protected":false},"excerpt":{"rendered":"<p>Hier ein kleiner Trick von Marc um zus\u00e4tzlichen Stauraum im D\u00f6schwo zu schaffen. Man nehme das Reserven Rad raus.\u00a0 Schneide 2 Holz [&hellip;]<\/p>\n","protected":false},"author":1,"featured_media":0,"parent":222,"menu_order":0,"comment_status":"closed","ping_status":"closed","template":"","meta":{"footnotes":""},"class_list":["post-7298","page","type-page","status-publish","hentry"],"jetpack_sharing_enabled":true,"_links":{"self":[{"href":"https:\/\/www.deuxchevaux.ch\/wordpress\/wp-json\/wp\/v2\/pages\/7298"}],"collection":[{"href":"https:\/\/www.deuxchevaux.ch\/wordpress\/wp-json\/wp\/v2\/pages"}],"about":[{"href":"https:\/\/www.deuxchevaux.ch\/wordpress\/wp-json\/wp\/v2\/types\/page"}],"author":[{"embeddable":true,"href":"https:\/\/www.deuxchevaux.ch\/wordpress\/wp-json\/wp\/v2\/users\/1"}],"replies":[{"embeddable":true,"href":"https:\/\/www.deuxchevaux.ch\/wordpress\/wp-json\/wp\/v2\/comments?post=7298"}],"version-history":[{"count":4,"href":"https:\/\/www.deuxchevaux.ch\/wordpress\/wp-json\/wp\/v2\/pages\/7298\/revisions"}],"predecessor-version":[{"id":7317,"href":"https:\/\/www.deuxchevaux.ch\/wordpress\/wp-json\/wp\/v2\/pages\/7298\/revisions\/7317"}],"up":[{"embeddable":true,"href":"https:\/\/www.deuxchevaux.ch\/wordpress\/wp-json\/wp\/v2\/pages\/222"}],"wp:attachment":[{"href":"https:\/\/www.deuxchevaux.ch\/wordpress\/wp-json\/wp\/v2\/media?parent=7298"}],"curies":[{"name":"wp","href":"https:\/\/api.w.org\/{rel}","templated":true}]}}